{"id":20,"date":"2022-02-10T11:55:00","date_gmt":"2022-02-10T10:55:00","guid":{"rendered":"https:\/\/multioil.com.pl\/?page_id=20"},"modified":"2023-01-20T19:12:52","modified_gmt":"2023-01-20T18:12:52","slug":"20-2","status":"publish","type":"page","link":"https:\/\/multioil.com.pl\/","title":{"rendered":"Hurtownia i sklep MULTI OIL"},"content":{"rendered":"\n<p><\/p>\n\n\n\n<h1 class=\"wp-block-heading\" id=\"oferuje\">oferuje:<\/h1>\n\n\n\n<ul class=\"wp-block-list\">\n<li>oleje silnikowe, przek\u0142adniowe, hydrauliczne,<\/li>\n\n\n\n<li>p\u0142yny ch\u0142odnicze, smary,<\/li>\n\n\n\n<li>p\u0142yny do spryskiwaczy, chemia samochodowa,<\/li>\n\n\n\n<li>filtry oleju, powietrza, paliwa, przeciwpy\u0142kowe (Filtron) &#8211; do wszystkich typ\u00f3w aut osobowych i ci\u0119\u017carowych,<\/li>\n\n\n\n<li>\u017car\u00f3wki (NARVA),<\/li>\n\n\n\n<li>pasy transportowe, pi\u00f3ra wycieraczek.<\/li>\n<\/ul>\n\n\n\n<p class=\"has-text-align-center\"><strong><em>CENY BEZKONKURENCYJNE &#8211; KONKURENCJ\u0118 PRZEPRASZAMY!!!<\/em><\/strong><\/p>\n\n\n\n<p class=\"has-text-align-center\"><strong><em>ZAPRASZAMY<\/em><\/strong><\/p>\n\n\n\n<p class=\"has-text-align-center\"><\/p>\n\n\n\n<figure class=\"wp-block-image size-full is-resized\"><img loading=\"lazy\" decoding=\"async\" src=\"https:\/\/multioil.com.pl\/wp-content\/uploads\/2022\/02\/20220211_135308_o2_prev_ui.png\" alt=\"\" class=\"wp-image-111\" width=\"1032\" height=\"445\" srcset=\"https:\/\/multioil.com.pl\/wp-content\/uploads\/2022\/02\/20220211_135308_o2_prev_ui.png 760w, https:\/\/multioil.com.pl\/wp-content\/uploads\/2022\/02\/20220211_135308_o2_prev_ui-300x129.png 300w\" sizes=\"auto, (max-width: 1032px) 100vw, 1032px\" \/><\/figure>\n\n\n\n<div class=\"wp-block-group alignfull has-white-color has-black-background-color has-text-color has-background has-link-color wp-elements-907e69a3ac00e183d75fc9aa2391fb23\" style=\"padding-top:4em;padding-bottom:2em\"><div class=\"wp-block-group__inner-container is-layout-flow wp-block-group-is-layout-flow\">\n<div class=\"wp-block-columns is-layout-flex wp-container-core-columns-is-layout-9d6595d7 wp-block-columns-is-layout-flex\">\n<div class=\"wp-block-column is-layout-flow wp-block-column-is-layout-flow\" style=\"flex-basis:50%\">\n\n\n\n\n<p><\/p>\n<\/div>\n<\/div>\n\n\n\n<div class=\"wp-block-group alignfull\" style=\"padding-top:4em;padding-bottom:2em\"><div class=\"wp-block-group__inner-container is-layout-flow wp-block-group-is-layout-flow\">\n<p class=\"has-text-align-left\"><\/p>\n<\/div><\/div>\n<\/div><\/div>\n\n\n\n<div class=\"wp-block-group alignfull\"><div class=\"wp-block-group__inner-container is-layout-flow wp-block-group-is-layout-flow\">\n<div class=\"wp-block-group alignfull\" style=\"padding-top:4em;padding-bottom:2em\"><div class=\"wp-block-group__inner-container is-layout-flow wp-block-group-is-layout-flow\">\n<p class=\"has-text-align-center has-small-font-size\"><\/p>\n<\/div><\/div>\n<\/div><\/div>\n","protected":false},"excerpt":{"rendered":"<p>oferuje: CENY BEZKONKURENCYJNE &#8211; KONKURENCJ\u0118 PRZEPRASZAMY!!! ZAPRASZAMY<\/p>\n","protected":false},"author":1,"featured_media":0,"parent":0,"menu_order":0,"comment_status":"closed","ping_status":"closed","template":"","meta":{"footnotes":""},"class_list":["post-20","page","type-page","status-publish","hentry"],"_links":{"self":[{"href":"https:\/\/multioil.com.pl\/index.php\/wp-json\/wp\/v2\/pages\/20","targetHints":{"allow":["GET"]}}],"collection":[{"href":"https:\/\/multioil.com.pl\/index.php\/wp-json\/wp\/v2\/pages"}],"about":[{"href":"https:\/\/multioil.com.pl\/index.php\/wp-json\/wp\/v2\/types\/page"}],"author":[{"embeddable":true,"href":"https:\/\/multioil.com.pl\/index.php\/wp-json\/wp\/v2\/users\/1"}],"replies":[{"embeddable":true,"href":"https:\/\/multioil.com.pl\/index.php\/wp-json\/wp\/v2\/comments?post=20"}],"version-history":[{"count":22,"href":"https:\/\/multioil.com.pl\/index.php\/wp-json\/wp\/v2\/pages\/20\/revisions"}],"predecessor-version":[{"id":157,"href":"https:\/\/multioil.com.pl\/index.php\/wp-json\/wp\/v2\/pages\/20\/revisions\/157"}],"wp:attachment":[{"href":"https:\/\/multioil.com.pl\/index.php\/wp-json\/wp\/v2\/media?parent=20"}],"curies":[{"name":"wp","href":"https:\/\/api.w.org\/{rel}","templated":true}]}}